{"id":3270,"date":"2021-08-18T15:58:53","date_gmt":"2021-08-18T14:58:53","guid":{"rendered":"http:\/\/wakffyn.dk.linux358.unoeuro-server.com\/jadeed\/?page_id=3270"},"modified":"2022-12-10T14:46:35","modified_gmt":"2022-12-10T13:46:35","slug":"kontakt","status":"publish","type":"page","link":"https:\/\/wakffyn.dk\/ar\/kontakt\/","title":{"rendered":"Kontakt"},"content":{"rendered":"<div data-elementor-type=\"wp-page\" data-elementor-id=\"3270\" class=\"elementor elementor-3270\" data-elementor-post-type=\"page\">\n\t\t\t\t\t\t<section class=\"elementor-section elementor-top-section elementor-element elementor-element-67749a2 elementor-section-height-min-height elementor-section-boxed elementor-section-height-default elementor-section-items-middle\" data-id=\"67749a2\" data-element_type=\"section\" data-e-type=\"section\" data-settings=\"{&quot;background_background&quot;:&quot;classic&quot;}\">\n\t\t\t\t\t\t<div class=\"elementor-container elementor-column-gap-default\">\n\t\t\t\t\t<div class=\"elementor-column elementor-col-100 elementor-top-column elementor-element elementor-element-3966a60\" data-id=\"3966a60\" data-element_type=\"column\" data-e-type=\"column\">\n\t\t\t<div class=\"elementor-widget-wrap\">\n\t\t\t\t\t\t\t<\/div>\n\t\t<\/div>\n\t\t\t\t\t<\/div>\n\t\t<\/section>\n\t\t\t\t<section class=\"elementor-section elementor-top-section elementor-element elementor-element-02756c5 elementor-section-boxed elementor-section-height-default elementor-section-height-default\" data-id=\"02756c5\" data-element_type=\"section\" data-e-type=\"section\" data-settings=\"{&quot;background_background&quot;:&quot;classic&quot;}\">\n\t\t\t\t\t\t<div class=\"elementor-container elementor-column-gap-default\">\n\t\t\t\t\t<div class=\"elementor-column elementor-col-50 elementor-top-column elementor-element elementor-element-112370f\" data-id=\"112370f\" data-element_type=\"column\" data-e-type=\"column\">\n\t\t\t<div class=\"elementor-widget-wrap elementor-element-populated\">\n\t\t\t\t\t\t<div class=\"elementor-element elementor-element-95b8453 elementor-widget elementor-widget-heading\" data-id=\"95b8453\" data-element_type=\"widget\" data-e-type=\"widget\" data-widget_type=\"heading.default\">\n\t\t\t\t<div class=\"elementor-widget-container\">\n\t\t\t\t\t<h1 class=\"elementor-heading-title elementor-size-xl\">Kontakt os<\/h1>\t\t\t\t<\/div>\n\t\t\t\t<\/div>\n\t\t\t\t<div class=\"elementor-element elementor-element-c2cc2f1 elementor-icon-list--layout-traditional elementor-list-item-link-full_width elementor-widget elementor-widget-icon-list\" data-id=\"c2cc2f1\" data-element_type=\"widget\" data-e-type=\"widget\" data-widget_type=\"icon-list.default\">\n\t\t\t\t<div class=\"elementor-widget-container\">\n\t\t\t\t\t\t\t<ul class=\"elementor-icon-list-items\">\n\t\t\t\t\t\t\t<li class=\"elementor-icon-list-item\">\n\t\t\t\t\t\t\t\t\t\t\t<a href=\"tel:+4560557541\">\n\n\t\t\t\t\t\t\t\t\t\t\t\t<span class=\"elementor-icon-list-icon\">\n\t\t\t\t\t\t\t<i aria-hidden=\"true\" class=\"fas fa-phone-alt\"><\/i>\t\t\t\t\t\t<\/span>\n\t\t\t\t\t\t\t\t\t\t<span class=\"elementor-icon-list-text\">+45 60 55 75 41<\/span>\n\t\t\t\t\t\t\t\t\t\t\t<\/a>\n\t\t\t\t\t\t\t\t\t<\/li>\n\t\t\t\t\t\t\t\t<li class=\"elementor-icon-list-item\">\n\t\t\t\t\t\t\t\t\t\t\t<a href=\"mailto:kontakt@wakffyn.dk\">\n\n\t\t\t\t\t\t\t\t\t\t\t\t<span class=\"elementor-icon-list-icon\">\n\t\t\t\t\t\t\t<i aria-hidden=\"true\" class=\"fas fa-envelope\"><\/i>\t\t\t\t\t\t<\/span>\n\t\t\t\t\t\t\t\t\t\t<span class=\"elementor-icon-list-text\">kontakt@wakffyn.dk<\/span>\n\t\t\t\t\t\t\t\t\t\t\t<\/a>\n\t\t\t\t\t\t\t\t\t<\/li>\n\t\t\t\t\t\t\t\t<li class=\"elementor-icon-list-item\">\n\t\t\t\t\t\t\t\t\t\t\t<span class=\"elementor-icon-list-icon\">\n\t\t\t\t\t\t\t<i aria-hidden=\"true\" class=\"fas fa-map-marker-alt\"><\/i>\t\t\t\t\t\t<\/span>\n\t\t\t\t\t\t\t\t\t\t<span class=\"elementor-icon-list-text\">\u00d8rb\u00e6kvej 274, 5220 Odense<\/span>\n\t\t\t\t\t\t\t\t\t<\/li>\n\t\t\t\t\t\t<\/ul>\n\t\t\t\t\t\t<\/div>\n\t\t\t\t<\/div>\n\t\t\t\t\t<\/div>\n\t\t<\/div>\n\t\t\t\t<div class=\"elementor-column elementor-col-50 elementor-top-column elementor-element elementor-element-5778269\" data-id=\"5778269\" data-element_type=\"column\" data-e-type=\"column\" data-settings=\"{&quot;background_background&quot;:&quot;classic&quot;}\">\n\t\t\t<div class=\"elementor-widget-wrap elementor-element-populated\">\n\t\t\t\t\t\t<div class=\"elementor-element elementor-element-dc109fe elementor-button-align-stretch elementor-widget elementor-widget-form\" data-id=\"dc109fe\" data-element_type=\"widget\" data-e-type=\"widget\" data-settings=\"{&quot;step_next_label&quot;:&quot;Next&quot;,&quot;step_previous_label&quot;:&quot;Previous&quot;,&quot;button_width&quot;:&quot;100&quot;,&quot;step_type&quot;:&quot;number_text&quot;,&quot;step_icon_shape&quot;:&quot;circle&quot;}\" data-widget_type=\"form.default\">\n\t\t\t\t<div class=\"elementor-widget-container\">\n\t\t\t\t\t\t\t<form class=\"elementor-form\" method=\"post\" name=\"New Form\" aria-label=\"New Form\" action=\"\">\n\t\t\t<input type=\"hidden\" name=\"post_id\" value=\"3270\"\/>\n\t\t\t<input type=\"hidden\" name=\"form_id\" value=\"dc109fe\"\/>\n\t\t\t<input type=\"hidden\" name=\"referer_title\" value=\"Kontakt - Det Islamiske Trossamfund p\u00e5 Fyn\" \/>\n\n\t\t\t\t\t\t\t<input type=\"hidden\" name=\"queried_id\" value=\"3270\"\/>\n\t\t\t\n\t\t\t<div class=\"elementor-form-fields-wrapper elementor-labels-\">\n\t\t\t\t\t\t\t\t<div class=\"elementor-field-type-text elementor-field-group elementor-column elementor-field-group-name elementor-col-100\">\n\t\t\t\t\t\t\t\t\t\t\t\t<label for=\"form-field-name\" class=\"elementor-field-label elementor-screen-only\">\n\t\t\t\t\t\t\t\tNavn\t\t\t\t\t\t\t<\/label>\n\t\t\t\t\t\t\t\t\t\t\t\t\t\t<input size=\"1\" type=\"text\" name=\"form_fields[name]\" id=\"form-field-name\" class=\"elementor-field elementor-size-sm  elementor-field-textual\" placeholder=\"Navn\">\n\t\t\t\t\t\t\t\t\t\t\t<\/div>\n\t\t\t\t\t\t\t\t<div class=\"elementor-field-type-email elementor-field-group elementor-column elementor-field-group-email elementor-col-100 elementor-field-required\">\n\t\t\t\t\t\t\t\t\t\t\t\t<label for=\"form-field-email\" class=\"elementor-field-label elementor-screen-only\">\n\t\t\t\t\t\t\t\tE-mail\t\t\t\t\t\t\t<\/label>\n\t\t\t\t\t\t\t\t\t\t\t\t\t\t<input size=\"1\" type=\"email\" name=\"form_fields[email]\" id=\"form-field-email\" class=\"elementor-field elementor-size-sm  elementor-field-textual\" placeholder=\"Din e-mail\" required=\"required\">\n\t\t\t\t\t\t\t\t\t\t\t<\/div>\n\t\t\t\t\t\t\t\t<div class=\"elementor-field-type-textarea elementor-field-group elementor-column elementor-field-group-6ed25c0 elementor-col-100\">\n\t\t\t\t\t\t\t\t\t\t\t\t<label for=\"form-field-6ed25c0\" class=\"elementor-field-label elementor-screen-only\">\n\t\t\t\t\t\t\t\tBesked\t\t\t\t\t\t\t<\/label>\n\t\t\t\t\t\t<textarea class=\"elementor-field-textual elementor-field  elementor-size-sm\" name=\"form_fields[6ed25c0]\" id=\"form-field-6ed25c0\" rows=\"4\" placeholder=\"Besked...\"><\/textarea>\t\t\t\t<\/div>\n\t\t\t\t\t\t\t\t<div class=\"elementor-field-type-text\">\n\t\t\t\t\t<input size=\"1\" type=\"text\" name=\"form_fields[field_45e107b]\" id=\"form-field-field_45e107b\" class=\"elementor-field elementor-size-sm\" style=\"display:none !important;\">\t\t\t\t<\/div>\n\t\t\t\t\t\t\t\t<div class=\"elementor-field-type-recaptcha_v3 elementor-field-group elementor-column elementor-field-group-field_35fd35a elementor-col-100 recaptcha_v3-bottomleft\">\n\t\t\t\t\t<div class=\"elementor-field\" id=\"form-field-field_35fd35a\"><div class=\"elementor-g-recaptcha\" data-sitekey=\"6Lfpw1IjAAAAALtlmVcis-lPtdo_2YkL1TnO9rDx\" data-type=\"v3\" data-action=\"Form\" data-badge=\"bottomleft\" data-size=\"invisible\"><\/div><\/div>\t\t\t\t<\/div>\n\t\t\t\t\t\t\t\t<div class=\"elementor-field-group elementor-column elementor-field-type-submit elementor-col-100 e-form__buttons\">\n\t\t\t\t\t<button class=\"elementor-button elementor-size-sm\" type=\"submit\">\n\t\t\t\t\t\t<span class=\"elementor-button-content-wrapper\">\n\t\t\t\t\t\t\t\t\t\t\t\t\t\t\t\t\t\t\t\t\t\t<span class=\"elementor-button-text\">Send besked <\/span>\n\t\t\t\t\t\t\t\t\t\t\t\t\t<\/span>\n\t\t\t\t\t<\/button>\n\t\t\t\t<\/div>\n\t\t\t<\/div>\n\t\t<input type=\"hidden\" name=\"trp-form-language\" value=\"ar\"\/><\/form>\n\t\t\t\t\t\t<\/div>\n\t\t\t\t<\/div>\n\t\t\t\t\t<\/div>\n\t\t<\/div>\n\t\t\t\t\t<\/div>\n\t\t<\/section>\n\t\t\t\t<section class=\"elementor-section elementor-top-section elementor-element elementor-element-5267d60e elementor-section-full_width elementor-section-content-middle elementor-reverse-mobile elementor-section-height-default elementor-section-height-default\" data-id=\"5267d60e\" data-element_type=\"section\" data-e-type=\"section\" id=\"adresse-kort\">\n\t\t\t\t\t\t<div class=\"elementor-container elementor-column-gap-no\">\n\t\t\t\t\t<div class=\"elementor-column elementor-col-33 elementor-top-column elementor-element elementor-element-470a55a9\" data-id=\"470a55a9\" data-element_type=\"column\" data-e-type=\"column\">\n\t\t\t<div class=\"elementor-widget-wrap elementor-element-populated\">\n\t\t\t\t\t\t<div class=\"elementor-element elementor-element-263f174 elementor-widget elementor-widget-google_maps\" data-id=\"263f174\" data-element_type=\"widget\" data-e-type=\"widget\" data-widget_type=\"google_maps.default\">\n\t\t\t\t<div class=\"elementor-widget-container\">\n\t\t\t\t\t\t\t<div class=\"elementor-custom-embed\">\n\t\t\t<iframe loading=\"lazy\"\n\t\t\t\t\tsrc=\"https:\/\/maps.google.com\/maps?q=%C3%98rb%C3%A6kvej%20274%2C%205220%20Odense&#038;t=m&#038;z=13&#038;output=embed&#038;iwloc=near\"\n\t\t\t\t\ttitle=\"\u00d8rb\u00e6kvej 274, 5220 Odense\"\n\t\t\t\t\taria-label=\"\u00d8rb\u00e6kvej 274, 5220 Odense\"\n\t\t\t><\/iframe>\n\t\t<\/div>\n\t\t\t\t\t\t<\/div>\n\t\t\t\t<\/div>\n\t\t\t\t\t<\/div>\n\t\t<\/div>\n\t\t\t\t<div class=\"elementor-column elementor-col-66 elementor-top-column elementor-element elementor-element-700dd91a\" data-id=\"700dd91a\" data-element_type=\"column\" data-e-type=\"column\" data-settings=\"{&quot;background_background&quot;:&quot;classic&quot;}\">\n\t\t\t<div class=\"elementor-widget-wrap elementor-element-populated\">\n\t\t\t\t\t<div class=\"elementor-background-overlay\"><\/div>\n\t\t\t\t\t\t<div class=\"elementor-element elementor-element-2c7f726a elementor-widget elementor-widget-heading\" data-id=\"2c7f726a\" data-element_type=\"widget\" data-e-type=\"widget\" data-widget_type=\"heading.default\">\n\t\t\t\t<div class=\"elementor-widget-container\">\n\t\t\t\t\t<h6 class=\"elementor-heading-title elementor-size-default\">Det Islamiske Trossamfund P\u00e5 Fyn<\/h6>\t\t\t\t<\/div>\n\t\t\t\t<\/div>\n\t\t\t\t<div class=\"elementor-element elementor-element-39dc0245 elementor-widget elementor-widget-heading\" data-id=\"39dc0245\" data-element_type=\"widget\" data-e-type=\"widget\" data-widget_type=\"heading.default\">\n\t\t\t\t<div class=\"elementor-widget-container\">\n\t\t\t\t\t<h2 class=\"elementor-heading-title elementor-size-default\">Hvor kan du finde os?<\/h2>\t\t\t\t<\/div>\n\t\t\t\t<\/div>\n\t\t\t\t\t<\/div>\n\t\t<\/div>\n\t\t\t\t\t<\/div>\n\t\t<\/section>\n\t\t\t\t<\/div>","protected":false},"excerpt":{"rendered":"<p>Kontakt os +45 60 55 75 41 kontakt@wakffyn.dk \u00d8rb\u00e6kvej 274, 5220 Odense Det Islamiske Trossamfund P\u00e5 Fyn Hvor kan du finde os?<\/p>","protected":false},"author":8,"featured_media":0,"parent":0,"menu_order":0,"comment_status":"closed","ping_status":"closed","template":"elementor_header_footer","meta":{"footnotes":""},"class_list":["post-3270","page","type-page","status-publish","hentry"],"yoast_head":"<!-- This site is optimized with the Yoast SEO plugin v27.5 - https:\/\/yoast.com\/product\/yoast-seo-wordpress\/ -->\n<title>Kontakt - Det Islamiske Trossamfund p\u00e5 Fyn<\/title>\n<meta name=\"robots\" content=\"index, follow, max-snippet:-1, max-image-preview:large, max-video-preview:-1\" \/>\n<link rel=\"canonical\" href=\"https:\/\/wakffyn.dk\/ar\/kontakt\/\" \/>\n<meta property=\"og:locale\" content=\"ar_AR\" \/>\n<meta property=\"og:type\" content=\"article\" \/>\n<meta property=\"og:title\" content=\"Kontakt - Det Islamiske Trossamfund p\u00e5 Fyn\" \/>\n<meta property=\"og:description\" content=\"Kontakt os +45 60 55 75 41 kontakt@wakffyn.dk \u00d8rb\u00e6kvej 274, 5220 Odense Det Islamiske Trossamfund P\u00e5 Fyn Hvor kan du finde os?\" \/>\n<meta property=\"og:url\" content=\"https:\/\/wakffyn.dk\/ar\/kontakt\/\" \/>\n<meta property=\"og:site_name\" content=\"Det Islamiske Trossamfund p\u00e5 Fyn\" \/>\n<meta property=\"article:publisher\" content=\"https:\/\/www.facebook.com\/wakffyn\" \/>\n<meta property=\"article:modified_time\" content=\"2022-12-10T13:46:35+00:00\" \/>\n<meta name=\"twitter:card\" content=\"summary_large_image\" \/>\n<meta name=\"twitter:label1\" content=\"\u0648\u0642\u062a \u0627\u0644\u0642\u0631\u0627\u0621\u0629 \u0627\u0644\u0645\u064f\u0642\u062f\u0651\u0631\" \/>\n\t<meta name=\"twitter:data1\" content=\"\u062f\u0642\u064a\u0642\u0629 \u0648\u0627\u062d\u062f\u0629\" \/>\n<script type=\"application\/ld+json\" class=\"yoast-schema-graph\">{\"@context\":\"https:\\\/\\\/schema.org\",\"@graph\":[{\"@type\":\"WebPage\",\"@id\":\"https:\\\/\\\/wakffyn.dk\\\/kontakt\\\/\",\"url\":\"https:\\\/\\\/wakffyn.dk\\\/kontakt\\\/\",\"name\":\"Kontakt - Det Islamiske Trossamfund p\u00e5 Fyn\",\"isPartOf\":{\"@id\":\"https:\\\/\\\/wakffyn.dk\\\/#website\"},\"datePublished\":\"2021-08-18T14:58:53+00:00\",\"dateModified\":\"2022-12-10T13:46:35+00:00\",\"breadcrumb\":{\"@id\":\"https:\\\/\\\/wakffyn.dk\\\/kontakt\\\/#breadcrumb\"},\"inLanguage\":\"ar\",\"potentialAction\":[{\"@type\":\"ReadAction\",\"target\":[\"https:\\\/\\\/wakffyn.dk\\\/kontakt\\\/\"]}]},{\"@type\":\"BreadcrumbList\",\"@id\":\"https:\\\/\\\/wakffyn.dk\\\/kontakt\\\/#breadcrumb\",\"itemListElement\":[{\"@type\":\"ListItem\",\"position\":1,\"name\":\"Hjem\",\"item\":\"https:\\\/\\\/wakffyn.dk\\\/\"},{\"@type\":\"ListItem\",\"position\":2,\"name\":\"Kontakt\"}]},{\"@type\":\"WebSite\",\"@id\":\"https:\\\/\\\/wakffyn.dk\\\/#website\",\"url\":\"https:\\\/\\\/wakffyn.dk\\\/\",\"name\":\"Det Islamiske Trossamfund p\u00e5 Fyn\",\"description\":\"\",\"publisher\":{\"@id\":\"https:\\\/\\\/wakffyn.dk\\\/#organization\"},\"potentialAction\":[{\"@type\":\"SearchAction\",\"target\":{\"@type\":\"EntryPoint\",\"urlTemplate\":\"https:\\\/\\\/wakffyn.dk\\\/?s={search_term_string}\"},\"query-input\":{\"@type\":\"PropertyValueSpecification\",\"valueRequired\":true,\"valueName\":\"search_term_string\"}}],\"inLanguage\":\"ar\"},{\"@type\":\"Organization\",\"@id\":\"https:\\\/\\\/wakffyn.dk\\\/#organization\",\"name\":\"Det Islamiske Trossamfund p\u00e5 Fyn\",\"url\":\"https:\\\/\\\/wakffyn.dk\\\/\",\"logo\":{\"@type\":\"ImageObject\",\"inLanguage\":\"ar\",\"@id\":\"https:\\\/\\\/wakffyn.dk\\\/#\\\/schema\\\/logo\\\/image\\\/\",\"url\":\"https:\\\/\\\/wakffyn.dk\\\/wp-content\\\/uploads\\\/2020\\\/11\\\/wakf-logo-no-text.svg\",\"contentUrl\":\"https:\\\/\\\/wakffyn.dk\\\/wp-content\\\/uploads\\\/2020\\\/11\\\/wakf-logo-no-text.svg\",\"width\":318,\"height\":257,\"caption\":\"Det Islamiske Trossamfund p\u00e5 Fyn\"},\"image\":{\"@id\":\"https:\\\/\\\/wakffyn.dk\\\/#\\\/schema\\\/logo\\\/image\\\/\"},\"sameAs\":[\"https:\\\/\\\/www.facebook.com\\\/wakffyn\",\"https:\\\/\\\/www.youtube.com\\\/user\\\/wakfyn\",\"https:\\\/\\\/www.linkedin.com\\\/company\\\/wakf\"]}]}<\/script>\n<!-- \/ Yoast SEO plugin. -->","yoast_head_json":{"title":"Kontakt - Det Islamiske Trossamfund p\u00e5 Fyn","robots":{"index":"index","follow":"follow","max-snippet":"max-snippet:-1","max-image-preview":"max-image-preview:large","max-video-preview":"max-video-preview:-1"},"canonical":"https:\/\/wakffyn.dk\/ar\/kontakt\/","og_locale":"ar_AR","og_type":"article","og_title":"Kontakt - Det Islamiske Trossamfund p\u00e5 Fyn","og_description":"Kontakt os +45 60 55 75 41 kontakt@wakffyn.dk \u00d8rb\u00e6kvej 274, 5220 Odense Det Islamiske Trossamfund P\u00e5 Fyn Hvor kan du finde os?","og_url":"https:\/\/wakffyn.dk\/ar\/kontakt\/","og_site_name":"Det Islamiske Trossamfund p\u00e5 Fyn","article_publisher":"https:\/\/www.facebook.com\/wakffyn","article_modified_time":"2022-12-10T13:46:35+00:00","twitter_card":"summary_large_image","twitter_misc":{"\u0648\u0642\u062a \u0627\u0644\u0642\u0631\u0627\u0621\u0629 \u0627\u0644\u0645\u064f\u0642\u062f\u0651\u0631":"\u062f\u0642\u064a\u0642\u0629 \u0648\u0627\u062d\u062f\u0629"},"schema":{"@context":"https:\/\/schema.org","@graph":[{"@type":"WebPage","@id":"https:\/\/wakffyn.dk\/kontakt\/","url":"https:\/\/wakffyn.dk\/kontakt\/","name":"Kontakt - Det Islamiske Trossamfund p\u00e5 Fyn","isPartOf":{"@id":"https:\/\/wakffyn.dk\/#website"},"datePublished":"2021-08-18T14:58:53+00:00","dateModified":"2022-12-10T13:46:35+00:00","breadcrumb":{"@id":"https:\/\/wakffyn.dk\/kontakt\/#breadcrumb"},"inLanguage":"ar","potentialAction":[{"@type":"ReadAction","target":["https:\/\/wakffyn.dk\/kontakt\/"]}]},{"@type":"BreadcrumbList","@id":"https:\/\/wakffyn.dk\/kontakt\/#breadcrumb","itemListElement":[{"@type":"ListItem","position":1,"name":"Hjem","item":"https:\/\/wakffyn.dk\/"},{"@type":"ListItem","position":2,"name":"Kontakt"}]},{"@type":"WebSite","@id":"https:\/\/wakffyn.dk\/#website","url":"https:\/\/wakffyn.dk\/","name":"\u0627\u0644\u0648\u0642\u0641 \u0627\u0644\u0625\u0633\u0644\u0627\u0645\u064a \u0641\u064a \u0641\u064a\u0646","description":"","publisher":{"@id":"https:\/\/wakffyn.dk\/#organization"},"potentialAction":[{"@type":"SearchAction","target":{"@type":"EntryPoint","urlTemplate":"https:\/\/wakffyn.dk\/?s={search_term_string}"},"query-input":{"@type":"PropertyValueSpecification","valueRequired":true,"valueName":"search_term_string"}}],"inLanguage":"ar"},{"@type":"Organization","@id":"https:\/\/wakffyn.dk\/#organization","name":"\u0627\u0644\u0648\u0642\u0641 \u0627\u0644\u0625\u0633\u0644\u0627\u0645\u064a \u0641\u064a \u0641\u064a\u0646","url":"https:\/\/wakffyn.dk\/","logo":{"@type":"ImageObject","inLanguage":"ar","@id":"https:\/\/wakffyn.dk\/#\/schema\/logo\/image\/","url":"https:\/\/wakffyn.dk\/wp-content\/uploads\/2020\/11\/wakf-logo-no-text.svg","contentUrl":"https:\/\/wakffyn.dk\/wp-content\/uploads\/2020\/11\/wakf-logo-no-text.svg","width":318,"height":257,"caption":"Det Islamiske Trossamfund p\u00e5 Fyn"},"image":{"@id":"https:\/\/wakffyn.dk\/#\/schema\/logo\/image\/"},"sameAs":["https:\/\/www.facebook.com\/wakffyn","https:\/\/www.youtube.com\/user\/wakfyn","https:\/\/www.linkedin.com\/company\/wakf"]}]}},"_links":{"self":[{"href":"https:\/\/wakffyn.dk\/ar\/wp-json\/wp\/v2\/pages\/3270","targetHints":{"allow":["GET"]}}],"collection":[{"href":"https:\/\/wakffyn.dk\/ar\/wp-json\/wp\/v2\/pages"}],"about":[{"href":"https:\/\/wakffyn.dk\/ar\/wp-json\/wp\/v2\/types\/page"}],"author":[{"embeddable":true,"href":"https:\/\/wakffyn.dk\/ar\/wp-json\/wp\/v2\/users\/8"}],"replies":[{"embeddable":true,"href":"https:\/\/wakffyn.dk\/ar\/wp-json\/wp\/v2\/comments?post=3270"}],"version-history":[{"count":106,"href":"https:\/\/wakffyn.dk\/ar\/wp-json\/wp\/v2\/pages\/3270\/revisions"}],"predecessor-version":[{"id":7319,"href":"https:\/\/wakffyn.dk\/ar\/wp-json\/wp\/v2\/pages\/3270\/revisions\/7319"}],"wp:attachment":[{"href":"https:\/\/wakffyn.dk\/ar\/wp-json\/wp\/v2\/media?parent=3270"}],"curies":[{"name":"wp","href":"https:\/\/api.w.org\/{rel}","templated":true}]}}