{"id":7417,"date":"2023-01-26T00:51:03","date_gmt":"2023-01-25T23:51:03","guid":{"rendered":"https:\/\/wakffyn.dk\/?page_id=7417"},"modified":"2023-01-26T01:42:16","modified_gmt":"2023-01-26T00:42:16","slug":"konvertit","status":"publish","type":"page","link":"https:\/\/wakffyn.dk\/ar\/konvertit\/","title":{"rendered":"Konvertit"},"content":{"rendered":"<div data-elementor-type=\"wp-page\" data-elementor-id=\"7417\" class=\"elementor elementor-7417\" data-elementor-post-type=\"page\">\n\t\t\t\t\t\t<section class=\"elementor-section elementor-top-section elementor-element elementor-element-73dd172 elementor-section-height-min-height elementor-section-items-stretch elementor-section-boxed elementor-section-height-default\" data-id=\"73dd172\" data-element_type=\"section\" data-e-type=\"section\" data-settings=\"{&quot;background_background&quot;:&quot;classic&quot;}\">\n\t\t\t\t\t\t<div class=\"elementor-container elementor-column-gap-default\">\n\t\t\t\t\t<div class=\"elementor-column elementor-col-100 elementor-top-column elementor-element elementor-element-686be48\" data-id=\"686be48\" data-element_type=\"column\" data-e-type=\"column\">\n\t\t\t<div class=\"elementor-widget-wrap\">\n\t\t\t\t\t\t\t<\/div>\n\t\t<\/div>\n\t\t\t\t\t<\/div>\n\t\t<\/section>\n\t\t\t\t<section class=\"elementor-section elementor-top-section elementor-element elementor-element-788eeeb elementor-section-boxed elementor-section-height-default elementor-section-height-default\" data-id=\"788eeeb\" data-element_type=\"section\" data-e-type=\"section\" data-settings=\"{&quot;background_background&quot;:&quot;classic&quot;}\">\n\t\t\t\t\t\t<div class=\"elementor-container elementor-column-gap-default\">\n\t\t\t\t\t<div class=\"elementor-column elementor-col-100 elementor-top-column elementor-element elementor-element-b303b50\" data-id=\"b303b50\" data-element_type=\"column\" data-e-type=\"column\">\n\t\t\t<div class=\"elementor-widget-wrap elementor-element-populated\">\n\t\t\t\t\t\t<div class=\"elementor-element elementor-element-39bba7d elementor-widget elementor-widget-heading\" data-id=\"39bba7d\" data-element_type=\"widget\" data-e-type=\"widget\" data-widget_type=\"heading.default\">\n\t\t\t\t<div class=\"elementor-widget-container\">\n\t\t\t\t\t<h1 class=\"elementor-heading-title elementor-size-xxl\">Konvertit<\/h1>\t\t\t\t<\/div>\n\t\t\t\t<\/div>\n\t\t\t\t\t<\/div>\n\t\t<\/div>\n\t\t\t\t\t<\/div>\n\t\t<\/section>\n\t\t\t\t<section class=\"elementor-section elementor-top-section elementor-element elementor-element-3396a02 elementor-section-boxed elementor-section-height-default elementor-section-height-default\" data-id=\"3396a02\" data-element_type=\"section\" data-e-type=\"section\">\n\t\t\t\t\t\t<div class=\"elementor-container elementor-column-gap-default\">\n\t\t\t\t\t<div class=\"elementor-column elementor-col-100 elementor-top-column elementor-element elementor-element-b9992ee\" data-id=\"b9992ee\" data-element_type=\"column\" data-e-type=\"column\">\n\t\t\t<div class=\"elementor-widget-wrap elementor-element-populated\">\n\t\t\t\t\t\t<div class=\"elementor-element elementor-element-b1c32d6 elementor-widget__width-initial elementor-widget elementor-widget-text-editor\" data-id=\"b1c32d6\" data-element_type=\"widget\" data-e-type=\"widget\" data-widget_type=\"text-editor.default\">\n\t\t\t\t<div class=\"elementor-widget-container\">\n\t\t\t\t\t\t\t\t\t<p>Er du interesseret i islam, og mangler du en vejleder, eller nogen at snakke med?<\/p><p>\u00a0<\/p><p>Vi har udarbejdet et ungt team af kompetente ildsj\u00e6le, der \u00f8nsker at tage dig under armen, s\u00e5 din rejse bliver nemmere!<br \/>Vi tilbyder uformelle fortrolige samtaler, hvor vi netop prioriterer at dine behov s\u00e6tter rammerne for vores dialog!<\/p><p>\u00a0<\/p><p>Teamet arrangerer ogs\u00e5 j\u00e6vnligt hyggelige events, hvor du har mulighed for at socialisere i et ligesindet f\u00e6llesskab. Her vil du kunne m\u00f8de b\u00e5de nye og gamle muslimer.<\/p><p>\u00a0<\/p><p>Hj\u00e6lpen der tilbydes omfatter b\u00e5de f\u00f8r, under og efter konvertering eller hvis du bare har generelle sp\u00f8rgsm\u00e5l om islam. Vores dedikerede mentor-team vil s\u00f8rge for, at du altid har en at g\u00e5 til, n\u00e5r nysgerrige sp\u00f8rgsm\u00e5l melder sig.<\/p><p>\u00a0<\/p><p>Tvivl ikke med at kontakte os! Uanset hvor du er i processen i din s\u00f8gen efter islam, s\u00e5 kan vi helt sikkert hj\u00e6lpe dig.<\/p><p>\u00a0<\/p><p>Vi gl\u00e6der os til at\u00a0h\u00f8re\u00a0fra\u00a0dig!<\/p>\t\t\t\t\t\t\t\t<\/div>\n\t\t\t\t<\/div>\n\t\t\t\t\t<\/div>\n\t\t<\/div>\n\t\t\t\t\t<\/div>\n\t\t<\/section>\n\t\t\t\t<section class=\"elementor-section elementor-top-section elementor-element elementor-element-813848e elementor-section-boxed elementor-section-height-default elementor-section-height-default\" data-id=\"813848e\" data-element_type=\"section\" data-e-type=\"section\">\n\t\t\t\t\t\t<div class=\"elementor-container elementor-column-gap-default\">\n\t\t\t\t\t<div class=\"elementor-column elementor-col-100 elementor-top-column elementor-element elementor-element-11dda98\" data-id=\"11dda98\" data-element_type=\"column\" data-e-type=\"column\">\n\t\t\t<div class=\"elementor-widget-wrap elementor-element-populated\">\n\t\t\t\t\t\t<div class=\"elementor-element elementor-element-9c88de4 elementor-button-align-stretch elementor-widget elementor-widget-form\" data-id=\"9c88de4\" data-element_type=\"widget\" data-e-type=\"widget\" data-settings=\"{&quot;step_next_label&quot;:&quot;N\\u00e6ste&quot;,&quot;step_previous_label&quot;:&quot;Tidligere&quot;,&quot;button_width&quot;:&quot;100&quot;,&quot;step_type&quot;:&quot;number_text&quot;,&quot;step_icon_shape&quot;:&quot;circle&quot;}\" data-widget_type=\"form.default\">\n\t\t\t\t<div class=\"elementor-widget-container\">\n\t\t\t\t\t\t\t<form class=\"elementor-form\" method=\"post\" name=\"Konvertit\" aria-label=\"Konvertit\" action=\"\">\n\t\t\t<input type=\"hidden\" name=\"post_id\" value=\"7417\"\/>\n\t\t\t<input type=\"hidden\" name=\"form_id\" value=\"9c88de4\"\/>\n\t\t\t<input type=\"hidden\" name=\"referer_title\" value=\"Konvertit - Det Islamiske Trossamfund p\u00e5 Fyn\" \/>\n\n\t\t\t\t\t\t\t<input type=\"hidden\" name=\"queried_id\" value=\"7417\"\/>\n\t\t\t\n\t\t\t<div class=\"elementor-form-fields-wrapper elementor-labels-above\">\n\t\t\t\t\t\t\t\t<div class=\"elementor-field-type-text elementor-field-group elementor-column elementor-field-group-name elementor-col-100 elementor-field-required\">\n\t\t\t\t\t\t\t\t\t\t\t\t<label for=\"form-field-name\" class=\"elementor-field-label\">\n\t\t\t\t\t\t\t\tNavn\t\t\t\t\t\t\t<\/label>\n\t\t\t\t\t\t\t\t\t\t\t\t\t\t<input size=\"1\" type=\"text\" name=\"form_fields[name]\" id=\"form-field-name\" class=\"elementor-field elementor-size-sm  elementor-field-textual\" placeholder=\"Navn\" required=\"required\">\n\t\t\t\t\t\t\t\t\t\t\t<\/div>\n\t\t\t\t\t\t\t\t<div class=\"elementor-field-type-email elementor-field-group elementor-column elementor-field-group-email elementor-col-100 elementor-field-required\">\n\t\t\t\t\t\t\t\t\t\t\t\t<label for=\"form-field-email\" class=\"elementor-field-label\">\n\t\t\t\t\t\t\t\tE-mail\t\t\t\t\t\t\t<\/label>\n\t\t\t\t\t\t\t\t\t\t\t\t\t\t<input size=\"1\" type=\"email\" name=\"form_fields[email]\" id=\"form-field-email\" class=\"elementor-field elementor-size-sm  elementor-field-textual\" placeholder=\"E-mail\" required=\"required\">\n\t\t\t\t\t\t\t\t\t\t\t<\/div>\n\t\t\t\t\t\t\t\t<div class=\"elementor-field-type-text elementor-field-group elementor-column elementor-field-group-number elementor-col-100 elementor-field-required\">\n\t\t\t\t\t\t\t\t\t\t\t\t<label for=\"form-field-number\" class=\"elementor-field-label\">\n\t\t\t\t\t\t\t\tTelefon\t\t\t\t\t\t\t<\/label>\n\t\t\t\t\t\t\t\t\t\t\t\t\t\t<input size=\"1\" type=\"text\" name=\"form_fields[number]\" id=\"form-field-number\" class=\"elementor-field elementor-size-sm  elementor-field-textual\" placeholder=\"60 55 75 41\" required=\"required\">\n\t\t\t\t\t\t\t\t\t\t\t<\/div>\n\t\t\t\t\t\t\t\t<div class=\"elementor-field-type-number elementor-field-group elementor-column elementor-field-group-age elementor-col-100\">\n\t\t\t\t\t\t\t\t\t\t\t\t<label for=\"form-field-age\" class=\"elementor-field-label\">\n\t\t\t\t\t\t\t\tAlder\t\t\t\t\t\t\t<\/label>\n\t\t\t\t\t\t\t\t\t<input type=\"number\" name=\"form_fields[age]\" id=\"form-field-age\" class=\"elementor-field elementor-size-sm  elementor-field-textual\" placeholder=\"20\" min=\"\" max=\"\" >\n\t\t\t\t\t\t<\/div>\n\t\t\t\t\t\t\t\t<div class=\"elementor-field-type-select elementor-field-group elementor-column elementor-field-group-field_317da94 elementor-col-100 elementor-field-required\">\n\t\t\t\t\t\t\t\t\t\t\t\t<label for=\"form-field-field_317da94\" class=\"elementor-field-label\">\n\t\t\t\t\t\t\t\t\u00c5rsag\t\t\t\t\t\t\t<\/label>\n\t\t\t\t\t\t\t\t<div class=\"elementor-field elementor-select-wrapper remove-before\">\n\t\t\t<div class=\"select-caret-down-wrapper\">\n\t\t\t\t<i aria-hidden=\"true\" class=\"eicon-caret-down\"><\/i>\t\t\t<\/div>\n\t\t\t<select name=\"form_fields[field_317da94]\" id=\"form-field-field_317da94\" class=\"elementor-field-textual elementor-size-sm\" required=\"required\">\n\t\t\t\t\t\t\t\t\t<option value=\"Interesseret i Islam\">Interesseret i Islam<\/option>\n\t\t\t\t\t\t\t\t\t<option value=\"Samtale f\u00f8r evt. konvertering\">Samtale f\u00f8r evt. konvertering<\/option>\n\t\t\t\t\t\t\t\t\t<option value=\"Klar til at konvertere\">Klar til at konvertere<\/option>\n\t\t\t\t\t\t\t\t\t<option value=\"Andet\">S\u00f8ger socialt f\u00e6llesskab<\/option>\n\t\t\t\t\t\t\t<\/select>\n\t\t<\/div>\n\t\t\t\t\t\t<\/div>\n\t\t\t\t\t\t\t\t<div class=\"elementor-field-type-textarea elementor-field-group elementor-column elementor-field-group-message elementor-col-100\">\n\t\t\t\t\t\t\t\t\t\t\t\t<label for=\"form-field-message\" class=\"elementor-field-label\">\n\t\t\t\t\t\t\t\tMeddelelse\t\t\t\t\t\t\t<\/label>\n\t\t\t\t\t\t<textarea class=\"elementor-field-textual elementor-field  elementor-size-sm\" name=\"form_fields[message]\" id=\"form-field-message\" rows=\"4\" placeholder=\"Meddelelse\"><\/textarea>\t\t\t\t<\/div>\n\t\t\t\t\t\t\t\t<div class=\"elementor-field-type-text\">\n\t\t\t\t\t<input size=\"1\" type=\"text\" name=\"form_fields[hp]\" id=\"form-field-hp\" class=\"elementor-field elementor-size-sm\" style=\"display:none !important;\">\t\t\t\t<\/div>\n\t\t\t\t\t\t\t\t<div class=\"elementor-field-group elementor-column elementor-field-type-submit elementor-col-100 e-form__buttons\">\n\t\t\t\t\t<button class=\"elementor-button elementor-size-sm\" type=\"submit\">\n\t\t\t\t\t\t<span class=\"elementor-button-content-wrapper\">\n\t\t\t\t\t\t\t\t\t\t\t\t\t\t\t\t\t\t\t\t\t\t<span class=\"elementor-button-text\">Send<\/span>\n\t\t\t\t\t\t\t\t\t\t\t\t\t<\/span>\n\t\t\t\t\t<\/button>\n\t\t\t\t<\/div>\n\t\t\t<\/div>\n\t\t<input type=\"hidden\" name=\"trp-form-language\" value=\"ar\"\/><\/form>\n\t\t\t\t\t\t<\/div>\n\t\t\t\t<\/div>\n\t\t\t\t\t<\/div>\n\t\t<\/div>\n\t\t\t\t\t<\/div>\n\t\t<\/section>\n\t\t\t\t<\/div>","protected":false},"excerpt":{"rendered":"<p>Konvertit Er du interesseret i islam, og mangler du en vejleder, eller nogen at snakke med? \u00a0 Vi har udarbejdet et ungt team af kompetente ildsj\u00e6le, der \u00f8nsker at tage dig under armen, s\u00e5 din rejse bliver nemmere!Vi tilbyder uformelle fortrolige samtaler, hvor vi netop prioriterer at dine behov s\u00e6tter rammerne for vores dialog! \u00a0 [&hellip;]<\/p>","protected":false},"author":8,"featured_media":0,"parent":0,"menu_order":0,"comment_status":"closed","ping_status":"closed","template":"elementor_header_footer","meta":{"footnotes":""},"class_list":["post-7417","page","type-page","status-publish","hentry"],"yoast_head":"<!-- This site is optimized with the Yoast SEO plugin v27.5 - https:\/\/yoast.com\/product\/yoast-seo-wordpress\/ -->\n<title>Konvertit - Det Islamiske Trossamfund p\u00e5 Fyn<\/title>\n<meta name=\"description\" content=\"Er du interesseret i islam, og mangler du en vejleder, eller nogen at snakke med? Vi tilbyder uformelle fortrolige samtaler!\" \/>\n<meta name=\"robots\" content=\"index, follow, max-snippet:-1, max-image-preview:large, max-video-preview:-1\" \/>\n<link rel=\"canonical\" href=\"https:\/\/wakffyn.dk\/ar\/konvertit\/\" \/>\n<meta property=\"og:locale\" content=\"ar_AR\" \/>\n<meta property=\"og:type\" content=\"article\" \/>\n<meta property=\"og:title\" content=\"Konvertit - Det Islamiske Trossamfund p\u00e5 Fyn\" \/>\n<meta property=\"og:description\" content=\"Er du interesseret i islam, og mangler du en vejleder, eller nogen at snakke med? Vi tilbyder uformelle fortrolige samtaler!\" \/>\n<meta property=\"og:url\" content=\"https:\/\/wakffyn.dk\/ar\/konvertit\/\" \/>\n<meta property=\"og:site_name\" content=\"Det Islamiske Trossamfund p\u00e5 Fyn\" \/>\n<meta property=\"article:publisher\" content=\"https:\/\/www.facebook.com\/wakffyn\" \/>\n<meta property=\"article:modified_time\" content=\"2023-01-26T00:42:16+00:00\" \/>\n<meta name=\"twitter:card\" content=\"summary_large_image\" \/>\n<meta name=\"twitter:label1\" content=\"\u0648\u0642\u062a \u0627\u0644\u0642\u0631\u0627\u0621\u0629 \u0627\u0644\u0645\u064f\u0642\u062f\u0651\u0631\" \/>\n\t<meta name=\"twitter:data1\" content=\"\u062f\u0642\u064a\u0642\u0629 \u0648\u0627\u062d\u062f\u0629\" \/>\n<script type=\"application\/ld+json\" class=\"yoast-schema-graph\">{\"@context\":\"https:\\\/\\\/schema.org\",\"@graph\":[{\"@type\":\"WebPage\",\"@id\":\"https:\\\/\\\/wakffyn.dk\\\/konvertit\\\/\",\"url\":\"https:\\\/\\\/wakffyn.dk\\\/konvertit\\\/\",\"name\":\"Konvertit - Det Islamiske Trossamfund p\u00e5 Fyn\",\"isPartOf\":{\"@id\":\"https:\\\/\\\/wakffyn.dk\\\/#website\"},\"datePublished\":\"2023-01-25T23:51:03+00:00\",\"dateModified\":\"2023-01-26T00:42:16+00:00\",\"description\":\"Er du interesseret i islam, og mangler du en vejleder, eller nogen at snakke med? Vi tilbyder uformelle fortrolige samtaler!\",\"breadcrumb\":{\"@id\":\"https:\\\/\\\/wakffyn.dk\\\/konvertit\\\/#breadcrumb\"},\"inLanguage\":\"ar\",\"potentialAction\":[{\"@type\":\"ReadAction\",\"target\":[\"https:\\\/\\\/wakffyn.dk\\\/konvertit\\\/\"]}]},{\"@type\":\"BreadcrumbList\",\"@id\":\"https:\\\/\\\/wakffyn.dk\\\/konvertit\\\/#breadcrumb\",\"itemListElement\":[{\"@type\":\"ListItem\",\"position\":1,\"name\":\"Hjem\",\"item\":\"https:\\\/\\\/wakffyn.dk\\\/\"},{\"@type\":\"ListItem\",\"position\":2,\"name\":\"Konvertit\"}]},{\"@type\":\"WebSite\",\"@id\":\"https:\\\/\\\/wakffyn.dk\\\/#website\",\"url\":\"https:\\\/\\\/wakffyn.dk\\\/\",\"name\":\"Det Islamiske Trossamfund p\u00e5 Fyn\",\"description\":\"\",\"publisher\":{\"@id\":\"https:\\\/\\\/wakffyn.dk\\\/#organization\"},\"potentialAction\":[{\"@type\":\"SearchAction\",\"target\":{\"@type\":\"EntryPoint\",\"urlTemplate\":\"https:\\\/\\\/wakffyn.dk\\\/?s={search_term_string}\"},\"query-input\":{\"@type\":\"PropertyValueSpecification\",\"valueRequired\":true,\"valueName\":\"search_term_string\"}}],\"inLanguage\":\"ar\"},{\"@type\":\"Organization\",\"@id\":\"https:\\\/\\\/wakffyn.dk\\\/#organization\",\"name\":\"Det Islamiske Trossamfund p\u00e5 Fyn\",\"url\":\"https:\\\/\\\/wakffyn.dk\\\/\",\"logo\":{\"@type\":\"ImageObject\",\"inLanguage\":\"ar\",\"@id\":\"https:\\\/\\\/wakffyn.dk\\\/#\\\/schema\\\/logo\\\/image\\\/\",\"url\":\"https:\\\/\\\/wakffyn.dk\\\/wp-content\\\/uploads\\\/2020\\\/11\\\/wakf-logo-no-text.svg\",\"contentUrl\":\"https:\\\/\\\/wakffyn.dk\\\/wp-content\\\/uploads\\\/2020\\\/11\\\/wakf-logo-no-text.svg\",\"width\":318,\"height\":257,\"caption\":\"Det Islamiske Trossamfund p\u00e5 Fyn\"},\"image\":{\"@id\":\"https:\\\/\\\/wakffyn.dk\\\/#\\\/schema\\\/logo\\\/image\\\/\"},\"sameAs\":[\"https:\\\/\\\/www.facebook.com\\\/wakffyn\",\"https:\\\/\\\/www.youtube.com\\\/user\\\/wakfyn\",\"https:\\\/\\\/www.linkedin.com\\\/company\\\/wakf\"]}]}<\/script>\n<!-- \/ Yoast SEO plugin. -->","yoast_head_json":{"title":"Konvertit - Det Islamiske Trossamfund p\u00e5 Fyn","description":"Er du interesseret i islam, og mangler du en vejleder, eller nogen at snakke med? Vi tilbyder uformelle fortrolige samtaler!","robots":{"index":"index","follow":"follow","max-snippet":"max-snippet:-1","max-image-preview":"max-image-preview:large","max-video-preview":"max-video-preview:-1"},"canonical":"https:\/\/wakffyn.dk\/ar\/konvertit\/","og_locale":"ar_AR","og_type":"article","og_title":"Konvertit - Det Islamiske Trossamfund p\u00e5 Fyn","og_description":"Er du interesseret i islam, og mangler du en vejleder, eller nogen at snakke med? Vi tilbyder uformelle fortrolige samtaler!","og_url":"https:\/\/wakffyn.dk\/ar\/konvertit\/","og_site_name":"Det Islamiske Trossamfund p\u00e5 Fyn","article_publisher":"https:\/\/www.facebook.com\/wakffyn","article_modified_time":"2023-01-26T00:42:16+00:00","twitter_card":"summary_large_image","twitter_misc":{"\u0648\u0642\u062a \u0627\u0644\u0642\u0631\u0627\u0621\u0629 \u0627\u0644\u0645\u064f\u0642\u062f\u0651\u0631":"\u062f\u0642\u064a\u0642\u0629 \u0648\u0627\u062d\u062f\u0629"},"schema":{"@context":"https:\/\/schema.org","@graph":[{"@type":"WebPage","@id":"https:\/\/wakffyn.dk\/konvertit\/","url":"https:\/\/wakffyn.dk\/konvertit\/","name":"Konvertit - Det Islamiske Trossamfund p\u00e5 Fyn","isPartOf":{"@id":"https:\/\/wakffyn.dk\/#website"},"datePublished":"2023-01-25T23:51:03+00:00","dateModified":"2023-01-26T00:42:16+00:00","description":"Er du interesseret i islam, og mangler du en vejleder, eller nogen at snakke med? Vi tilbyder uformelle fortrolige samtaler!","breadcrumb":{"@id":"https:\/\/wakffyn.dk\/konvertit\/#breadcrumb"},"inLanguage":"ar","potentialAction":[{"@type":"ReadAction","target":["https:\/\/wakffyn.dk\/konvertit\/"]}]},{"@type":"BreadcrumbList","@id":"https:\/\/wakffyn.dk\/konvertit\/#breadcrumb","itemListElement":[{"@type":"ListItem","position":1,"name":"Hjem","item":"https:\/\/wakffyn.dk\/"},{"@type":"ListItem","position":2,"name":"Konvertit"}]},{"@type":"WebSite","@id":"https:\/\/wakffyn.dk\/#website","url":"https:\/\/wakffyn.dk\/","name":"\u0627\u0644\u0648\u0642\u0641 \u0627\u0644\u0625\u0633\u0644\u0627\u0645\u064a \u0641\u064a \u0641\u064a\u0646","description":"","publisher":{"@id":"https:\/\/wakffyn.dk\/#organization"},"potentialAction":[{"@type":"SearchAction","target":{"@type":"EntryPoint","urlTemplate":"https:\/\/wakffyn.dk\/?s={search_term_string}"},"query-input":{"@type":"PropertyValueSpecification","valueRequired":true,"valueName":"search_term_string"}}],"inLanguage":"ar"},{"@type":"Organization","@id":"https:\/\/wakffyn.dk\/#organization","name":"\u0627\u0644\u0648\u0642\u0641 \u0627\u0644\u0625\u0633\u0644\u0627\u0645\u064a \u0641\u064a \u0641\u064a\u0646","url":"https:\/\/wakffyn.dk\/","logo":{"@type":"ImageObject","inLanguage":"ar","@id":"https:\/\/wakffyn.dk\/#\/schema\/logo\/image\/","url":"https:\/\/wakffyn.dk\/wp-content\/uploads\/2020\/11\/wakf-logo-no-text.svg","contentUrl":"https:\/\/wakffyn.dk\/wp-content\/uploads\/2020\/11\/wakf-logo-no-text.svg","width":318,"height":257,"caption":"Det Islamiske Trossamfund p\u00e5 Fyn"},"image":{"@id":"https:\/\/wakffyn.dk\/#\/schema\/logo\/image\/"},"sameAs":["https:\/\/www.facebook.com\/wakffyn","https:\/\/www.youtube.com\/user\/wakfyn","https:\/\/www.linkedin.com\/company\/wakf"]}]}},"_links":{"self":[{"href":"https:\/\/wakffyn.dk\/ar\/wp-json\/wp\/v2\/pages\/7417","targetHints":{"allow":["GET"]}}],"collection":[{"href":"https:\/\/wakffyn.dk\/ar\/wp-json\/wp\/v2\/pages"}],"about":[{"href":"https:\/\/wakffyn.dk\/ar\/wp-json\/wp\/v2\/types\/page"}],"author":[{"embeddable":true,"href":"https:\/\/wakffyn.dk\/ar\/wp-json\/wp\/v2\/users\/8"}],"replies":[{"embeddable":true,"href":"https:\/\/wakffyn.dk\/ar\/wp-json\/wp\/v2\/comments?post=7417"}],"version-history":[{"count":59,"href":"https:\/\/wakffyn.dk\/ar\/wp-json\/wp\/v2\/pages\/7417\/revisions"}],"predecessor-version":[{"id":7480,"href":"https:\/\/wakffyn.dk\/ar\/wp-json\/wp\/v2\/pages\/7417\/revisions\/7480"}],"wp:attachment":[{"href":"https:\/\/wakffyn.dk\/ar\/wp-json\/wp\/v2\/media?parent=7417"}],"curies":[{"name":"wp","href":"https:\/\/api.w.org\/{rel}","templated":true}]}}