{"id":7672,"date":"2024-03-11T22:21:54","date_gmt":"2024-03-11T21:21:54","guid":{"rendered":"https:\/\/wakffyn.dk\/?page_id=7672"},"modified":"2025-06-12T19:04:38","modified_gmt":"2025-06-12T18:04:38","slug":"udvidelse","status":"publish","type":"page","link":"https:\/\/wakffyn.dk\/ar\/udvidelse\/","title":{"rendered":"Moskeudvidelse"},"content":{"rendered":"<div data-elementor-type=\"wp-page\" data-elementor-id=\"7672\" class=\"elementor elementor-7672\" data-elementor-post-type=\"page\">\n\t\t\t\t\t\t<section class=\"elementor-section elementor-top-section elementor-element elementor-element-92a2e8c elementor-section-boxed elementor-section-height-default elementor-section-height-default elementor-invisible\" data-id=\"92a2e8c\" data-element_type=\"section\" data-e-type=\"section\" data-settings=\"{&quot;background_background&quot;:&quot;classic&quot;,&quot;shape_divider_bottom&quot;:&quot;triangle&quot;,&quot;shape_divider_bottom_negative&quot;:&quot;yes&quot;,&quot;animation&quot;:&quot;fadeIn&quot;}\">\n\t\t\t\t\t<div class=\"elementor-shape elementor-shape-bottom\" aria-hidden=\"true\" data-negative=\"true\">\n\t\t\t<svg xmlns=\"http:\/\/www.w3.org\/2000\/svg\" viewbox=\"0 0 1000 100\" preserveaspectratio=\"none\">\n\t<path class=\"elementor-shape-fill\" d=\"M500.2,94.7L0,0v100h1000V0L500.2,94.7z\"\/>\n<\/svg>\t\t<\/div>\n\t\t\t\t\t<div class=\"elementor-container elementor-column-gap-default\">\n\t\t\t\t\t<div class=\"elementor-column elementor-col-100 elementor-top-column elementor-element elementor-element-de9014b\" data-id=\"de9014b\" data-element_type=\"column\" data-e-type=\"column\">\n\t\t\t<div class=\"elementor-widget-wrap elementor-element-populated\">\n\t\t\t\t\t\t<div class=\"elementor-element elementor-element-6bc6fa7 elementor-invisible elementor-widget elementor-widget-heading\" data-id=\"6bc6fa7\" data-element_type=\"widget\" data-e-type=\"widget\" data-settings=\"{&quot;_animation&quot;:&quot;fadeInDown&quot;}\" data-widget_type=\"heading.default\">\n\t\t\t\t<div class=\"elementor-widget-container\">\n\t\t\t\t\t<h1 class=\"elementor-heading-title elementor-size-default\">\u0627\u0644\u0648\u0642\u0641 \u0627\u0644\u0625\u0633\u0644\u0627\u0645\u064a \u0641\u064a \u0641\u064a\u0646<\/h1>\t\t\t\t<\/div>\n\t\t\t\t<\/div>\n\t\t\t\t<div class=\"elementor-element elementor-element-a22d29f elementor-invisible elementor-widget elementor-widget-heading\" data-id=\"a22d29f\" data-element_type=\"widget\" data-e-type=\"widget\" data-settings=\"{&quot;_animation&quot;:&quot;fadeInDown&quot;,&quot;_animation_delay&quot;:300}\" data-widget_type=\"heading.default\">\n\t\t\t\t<div class=\"elementor-widget-container\">\n\t\t\t\t\t<h2 class=\"elementor-heading-title elementor-size-default\">Moskeudvidelse<\/h2>\t\t\t\t<\/div>\n\t\t\t\t<\/div>\n\t\t\t\t\t<\/div>\n\t\t<\/div>\n\t\t\t\t\t<\/div>\n\t\t<\/section>\n\t\t\t\t<section class=\"elementor-section elementor-top-section elementor-element elementor-element-25a7f8f elementor-section-content-middle elementor-section-boxed elementor-section-height-default elementor-section-height-default\" data-id=\"25a7f8f\" data-element_type=\"section\" data-e-type=\"section\" id=\"1970\" data-settings=\"{&quot;background_background&quot;:&quot;classic&quot;}\">\n\t\t\t\t\t\t<div class=\"elementor-container elementor-column-gap-no\">\n\t\t\t\t\t<div class=\"elementor-column elementor-col-100 elementor-top-column elementor-element elementor-element-38b6a9df\" data-id=\"38b6a9df\" data-element_type=\"column\" data-e-type=\"column\">\n\t\t\t<div class=\"elementor-widget-wrap elementor-element-populated\">\n\t\t\t\t\t\t<section class=\"elementor-section elementor-inner-section elementor-element elementor-element-ae8f2d5 elementor-section-boxed elementor-section-height-default elementor-section-height-default\" data-id=\"ae8f2d5\" data-element_type=\"section\" data-e-type=\"section\">\n\t\t\t\t\t\t<div class=\"elementor-container elementor-column-gap-default\">\n\t\t\t\t\t<div class=\"elementor-column elementor-col-50 elementor-inner-column elementor-element elementor-element-81f738b\" data-id=\"81f738b\" data-element_type=\"column\" data-e-type=\"column\">\n\t\t\t<div class=\"elementor-widget-wrap elementor-element-populated\">\n\t\t\t\t\t\t<div class=\"elementor-element elementor-element-593e20b elementor-widget elementor-widget-heading\" data-id=\"593e20b\" data-element_type=\"widget\" data-e-type=\"widget\" data-widget_type=\"heading.default\">\n\t\t\t\t<div class=\"elementor-widget-container\">\n\t\t\t\t\t<h3 class=\"elementor-heading-title elementor-size-default\">Udvidelsen er i gang!<\/h3>\t\t\t\t<\/div>\n\t\t\t\t<\/div>\n\t\t\t\t<div class=\"elementor-element elementor-element-573c1df1 elementor-widget elementor-widget-text-editor\" data-id=\"573c1df1\" data-element_type=\"widget\" data-e-type=\"widget\" data-widget_type=\"text-editor.default\">\n\t\t\t\t<div class=\"elementor-widget-container\">\n\t\t\t\t\t\t\t\t\t<p>STATUS | FASE 3<\/p><p>\u00a0<\/p><p><strong>Don\u00e9r nu p\u00e5 MP: 18275<\/strong><\/p><p>Med Allahs hj\u00e6lp har vi over de sidste 2 \u00e5r indsamlet en utrolig sum p\u00e5 4 millioner kroner til udvidelsen af vores mosk\u00e9. Takket v\u00e6re jeres gener\u00f8sitet, har fase 1 &amp; 2 kunne lade sig g\u00f8re.<\/p><p>\u00a0<\/p><p>Vi st\u00e5r nu overfor den sidste og afg\u00f8rende fase, nemlig fase 3.<\/p><p>\u00a0<\/p><p><strong>Fase 3 best\u00e5r af:<\/strong><br \/><strong>1.<\/strong> F\u00e6rdigg\u00f8relsen af 1. sal med 5 nye undervisningslokaler, legerum for b\u00f8rn og et opholdssted for de unge.<\/p><p>\u00a0<\/p><p><strong>2.<\/strong> \u2060Totalrenovering af moskeen, hvor vi nedl\u00e6gger v\u00e6gge, skifter gulvt\u00e6ppet og udskifter alle installationer. Omr\u00e5det hos s\u00f8strene bliver 3 gange s\u00e5 stort.<\/p><p>\u00a0<\/p><p><strong>3.<\/strong> Udvidelse af vores kantine. Vi vil bygge til ved kantinen og derved g\u00f8re dette til et samlingspunkt for familier i fremtiden.<\/p><p>\u00a0<\/p><p>Vi er overbeviste om, at muslimerne er klar til at vise samme st\u00f8tte og engagement som sidste 2 \u00e5r, s\u00e5 vi kan fors\u00e6tte med at udvikle vores mosk\u00e9 og lade det v\u00e6re fundamentet for et st\u00e6rkt f\u00e6llesskab for muslimerne p\u00e5 Fyn.<\/p><p>\u00a0<\/p><p>M\u00e5 Allah bel\u00f8nne jer for jeres bidrag og lade det v\u00e6re en tung\u00a0v\u00e6gt\u00a0af\u00a0godt.<\/p>\t\t\t\t\t\t\t\t<\/div>\n\t\t\t\t<\/div>\n\t\t\t\t\t<\/div>\n\t\t<\/div>\n\t\t\t\t<div class=\"elementor-column elementor-col-50 elementor-inner-column elementor-element elementor-element-eddb5de\" data-id=\"eddb5de\" data-element_type=\"column\" data-e-type=\"column\" data-settings=\"{&quot;motion_fx_motion_fx_scrolling&quot;:&quot;yes&quot;,&quot;motion_fx_translateY_effect&quot;:&quot;yes&quot;,&quot;motion_fx_translateY_speed&quot;:{&quot;unit&quot;:&quot;px&quot;,&quot;size&quot;:1.1,&quot;sizes&quot;:[]},&quot;motion_fx_devices&quot;:[&quot;desktop&quot;,&quot;tablet&quot;],&quot;motion_fx_translateY_affectedRange&quot;:{&quot;unit&quot;:&quot;%&quot;,&quot;size&quot;:&quot;&quot;,&quot;sizes&quot;:{&quot;start&quot;:0,&quot;end&quot;:100}}}\">\n\t\t\t<div class=\"elementor-widget-wrap elementor-element-populated\">\n\t\t\t\t\t\t<div class=\"elementor-element elementor-element-3dc325d elementor-widget elementor-widget-video\" data-id=\"3dc325d\" data-element_type=\"widget\" data-e-type=\"widget\" data-settings=\"{&quot;youtube_url&quot;:&quot;https:\\\/\\\/youtu.be\\\/1nU-G4_XzBo&quot;,&quot;autoplay&quot;:&quot;yes&quot;,&quot;play_on_mobile&quot;:&quot;yes&quot;,&quot;video_type&quot;:&quot;youtube&quot;}\" data-widget_type=\"video.default\">\n\t\t\t\t<div class=\"elementor-widget-container\">\n\t\t\t\t\t\t\t<div class=\"elementor-wrapper elementor-open-inline\">\n\t\t\t<div class=\"elementor-video\"><\/div>\t\t<\/div>\n\t\t\t\t\t\t<\/div>\n\t\t\t\t<\/div>\n\t\t\t\t\t<\/div>\n\t\t<\/div>\n\t\t\t\t\t<\/div>\n\t\t<\/section>\n\t\t\t\t\t<\/div>\n\t\t<\/div>\n\t\t\t\t\t<\/div>\n\t\t<\/section>\n\t\t\t\t<\/div>","protected":false},"excerpt":{"rendered":"<p>Det Islamiske Trossamfund p\u00e5 Fyn Moskeudvidelse Udvidelsen er i gang! STATUS | FASE 3 \u00a0 Don\u00e9r nu p\u00e5 MP: 18275 Med Allahs hj\u00e6lp har vi over de sidste 2 \u00e5r indsamlet en utrolig sum p\u00e5 4 millioner kroner til udvidelsen af vores mosk\u00e9. Takket v\u00e6re jeres gener\u00f8sitet, har fase 1 &amp; 2 kunne lade sig [&hellip;]<\/p>","protected":false},"author":8,"featured_media":0,"parent":0,"menu_order":0,"comment_status":"closed","ping_status":"closed","template":"elementor_header_footer","meta":{"footnotes":""},"class_list":["post-7672","page","type-page","status-publish","hentry"],"yoast_head":"<!-- This site is optimized with the Yoast SEO plugin v27.5 - https:\/\/yoast.com\/product\/yoast-seo-wordpress\/ -->\n<title>Moskeudvidelse - Det Islamiske Trossamfund p\u00e5 Fyn<\/title>\n<meta name=\"robots\" content=\"index, follow, max-snippet:-1, max-image-preview:large, max-video-preview:-1\" \/>\n<link rel=\"canonical\" href=\"https:\/\/wakffyn.dk\/ar\/udvidelse\/\" \/>\n<meta property=\"og:locale\" content=\"ar_AR\" \/>\n<meta property=\"og:type\" content=\"article\" \/>\n<meta property=\"og:title\" content=\"Moskeudvidelse - Det Islamiske Trossamfund p\u00e5 Fyn\" \/>\n<meta property=\"og:description\" content=\"Det Islamiske Trossamfund p\u00e5 Fyn Moskeudvidelse Udvidelsen er i gang! STATUS | FASE 3 \u00a0 Don\u00e9r nu p\u00e5 MP: 18275 Med Allahs hj\u00e6lp har vi over de sidste 2 \u00e5r indsamlet en utrolig sum p\u00e5 4 millioner kroner til udvidelsen af vores mosk\u00e9. Takket v\u00e6re jeres gener\u00f8sitet, har fase 1 &amp; 2 kunne lade sig [&hellip;]\" \/>\n<meta property=\"og:url\" content=\"https:\/\/wakffyn.dk\/ar\/udvidelse\/\" \/>\n<meta property=\"og:site_name\" content=\"Det Islamiske Trossamfund p\u00e5 Fyn\" \/>\n<meta property=\"article:publisher\" content=\"https:\/\/www.facebook.com\/wakffyn\" \/>\n<meta property=\"article:modified_time\" content=\"2025-06-12T18:04:38+00:00\" \/>\n<meta name=\"twitter:card\" content=\"summary_large_image\" \/>\n<meta name=\"twitter:label1\" content=\"\u0648\u0642\u062a \u0627\u0644\u0642\u0631\u0627\u0621\u0629 \u0627\u0644\u0645\u064f\u0642\u062f\u0651\u0631\" \/>\n\t<meta name=\"twitter:data1\" content=\"7 \u062f\u0642\u0627\u0626\u0642\" \/>\n<script type=\"application\/ld+json\" class=\"yoast-schema-graph\">{\"@context\":\"https:\\\/\\\/schema.org\",\"@graph\":[{\"@type\":\"WebPage\",\"@id\":\"https:\\\/\\\/wakffyn.dk\\\/udvidelse\\\/\",\"url\":\"https:\\\/\\\/wakffyn.dk\\\/udvidelse\\\/\",\"name\":\"Moskeudvidelse - Det Islamiske Trossamfund p\u00e5 Fyn\",\"isPartOf\":{\"@id\":\"https:\\\/\\\/wakffyn.dk\\\/#website\"},\"datePublished\":\"2024-03-11T21:21:54+00:00\",\"dateModified\":\"2025-06-12T18:04:38+00:00\",\"breadcrumb\":{\"@id\":\"https:\\\/\\\/wakffyn.dk\\\/udvidelse\\\/#breadcrumb\"},\"inLanguage\":\"ar\",\"potentialAction\":[{\"@type\":\"ReadAction\",\"target\":[\"https:\\\/\\\/wakffyn.dk\\\/udvidelse\\\/\"]}]},{\"@type\":\"BreadcrumbList\",\"@id\":\"https:\\\/\\\/wakffyn.dk\\\/udvidelse\\\/#breadcrumb\",\"itemListElement\":[{\"@type\":\"ListItem\",\"position\":1,\"name\":\"Hjem\",\"item\":\"https:\\\/\\\/wakffyn.dk\\\/\"},{\"@type\":\"ListItem\",\"position\":2,\"name\":\"Moskeudvidelse\"}]},{\"@type\":\"WebSite\",\"@id\":\"https:\\\/\\\/wakffyn.dk\\\/#website\",\"url\":\"https:\\\/\\\/wakffyn.dk\\\/\",\"name\":\"Det Islamiske Trossamfund p\u00e5 Fyn\",\"description\":\"\",\"publisher\":{\"@id\":\"https:\\\/\\\/wakffyn.dk\\\/#organization\"},\"potentialAction\":[{\"@type\":\"SearchAction\",\"target\":{\"@type\":\"EntryPoint\",\"urlTemplate\":\"https:\\\/\\\/wakffyn.dk\\\/?s={search_term_string}\"},\"query-input\":{\"@type\":\"PropertyValueSpecification\",\"valueRequired\":true,\"valueName\":\"search_term_string\"}}],\"inLanguage\":\"ar\"},{\"@type\":\"Organization\",\"@id\":\"https:\\\/\\\/wakffyn.dk\\\/#organization\",\"name\":\"Det Islamiske Trossamfund p\u00e5 Fyn\",\"url\":\"https:\\\/\\\/wakffyn.dk\\\/\",\"logo\":{\"@type\":\"ImageObject\",\"inLanguage\":\"ar\",\"@id\":\"https:\\\/\\\/wakffyn.dk\\\/#\\\/schema\\\/logo\\\/image\\\/\",\"url\":\"https:\\\/\\\/wakffyn.dk\\\/wp-content\\\/uploads\\\/2020\\\/11\\\/wakf-logo-no-text.svg\",\"contentUrl\":\"https:\\\/\\\/wakffyn.dk\\\/wp-content\\\/uploads\\\/2020\\\/11\\\/wakf-logo-no-text.svg\",\"width\":318,\"height\":257,\"caption\":\"Det Islamiske Trossamfund p\u00e5 Fyn\"},\"image\":{\"@id\":\"https:\\\/\\\/wakffyn.dk\\\/#\\\/schema\\\/logo\\\/image\\\/\"},\"sameAs\":[\"https:\\\/\\\/www.facebook.com\\\/wakffyn\",\"https:\\\/\\\/www.youtube.com\\\/user\\\/wakfyn\",\"https:\\\/\\\/www.linkedin.com\\\/company\\\/wakf\"]}]}<\/script>\n<!-- \/ Yoast SEO plugin. -->","yoast_head_json":{"title":"Moskeudvidelse - Det Islamiske Trossamfund p\u00e5 Fyn","robots":{"index":"index","follow":"follow","max-snippet":"max-snippet:-1","max-image-preview":"max-image-preview:large","max-video-preview":"max-video-preview:-1"},"canonical":"https:\/\/wakffyn.dk\/ar\/udvidelse\/","og_locale":"ar_AR","og_type":"article","og_title":"Moskeudvidelse - Det Islamiske Trossamfund p\u00e5 Fyn","og_description":"Det Islamiske Trossamfund p\u00e5 Fyn Moskeudvidelse Udvidelsen er i gang! STATUS | FASE 3 \u00a0 Don\u00e9r nu p\u00e5 MP: 18275 Med Allahs hj\u00e6lp har vi over de sidste 2 \u00e5r indsamlet en utrolig sum p\u00e5 4 millioner kroner til udvidelsen af vores mosk\u00e9. Takket v\u00e6re jeres gener\u00f8sitet, har fase 1 &amp; 2 kunne lade sig [&hellip;]","og_url":"https:\/\/wakffyn.dk\/ar\/udvidelse\/","og_site_name":"Det Islamiske Trossamfund p\u00e5 Fyn","article_publisher":"https:\/\/www.facebook.com\/wakffyn","article_modified_time":"2025-06-12T18:04:38+00:00","twitter_card":"summary_large_image","twitter_misc":{"\u0648\u0642\u062a \u0627\u0644\u0642\u0631\u0627\u0621\u0629 \u0627\u0644\u0645\u064f\u0642\u062f\u0651\u0631":"7 \u062f\u0642\u0627\u0626\u0642"},"schema":{"@context":"https:\/\/schema.org","@graph":[{"@type":"WebPage","@id":"https:\/\/wakffyn.dk\/udvidelse\/","url":"https:\/\/wakffyn.dk\/udvidelse\/","name":"Moskeudvidelse - Det Islamiske Trossamfund p\u00e5 Fyn","isPartOf":{"@id":"https:\/\/wakffyn.dk\/#website"},"datePublished":"2024-03-11T21:21:54+00:00","dateModified":"2025-06-12T18:04:38+00:00","breadcrumb":{"@id":"https:\/\/wakffyn.dk\/udvidelse\/#breadcrumb"},"inLanguage":"ar","potentialAction":[{"@type":"ReadAction","target":["https:\/\/wakffyn.dk\/udvidelse\/"]}]},{"@type":"BreadcrumbList","@id":"https:\/\/wakffyn.dk\/udvidelse\/#breadcrumb","itemListElement":[{"@type":"ListItem","position":1,"name":"Hjem","item":"https:\/\/wakffyn.dk\/"},{"@type":"ListItem","position":2,"name":"Moskeudvidelse"}]},{"@type":"WebSite","@id":"https:\/\/wakffyn.dk\/#website","url":"https:\/\/wakffyn.dk\/","name":"\u0627\u0644\u0648\u0642\u0641 \u0627\u0644\u0625\u0633\u0644\u0627\u0645\u064a \u0641\u064a \u0641\u064a\u0646","description":"","publisher":{"@id":"https:\/\/wakffyn.dk\/#organization"},"potentialAction":[{"@type":"SearchAction","target":{"@type":"EntryPoint","urlTemplate":"https:\/\/wakffyn.dk\/?s={search_term_string}"},"query-input":{"@type":"PropertyValueSpecification","valueRequired":true,"valueName":"search_term_string"}}],"inLanguage":"ar"},{"@type":"Organization","@id":"https:\/\/wakffyn.dk\/#organization","name":"\u0627\u0644\u0648\u0642\u0641 \u0627\u0644\u0625\u0633\u0644\u0627\u0645\u064a \u0641\u064a \u0641\u064a\u0646","url":"https:\/\/wakffyn.dk\/","logo":{"@type":"ImageObject","inLanguage":"ar","@id":"https:\/\/wakffyn.dk\/#\/schema\/logo\/image\/","url":"https:\/\/wakffyn.dk\/wp-content\/uploads\/2020\/11\/wakf-logo-no-text.svg","contentUrl":"https:\/\/wakffyn.dk\/wp-content\/uploads\/2020\/11\/wakf-logo-no-text.svg","width":318,"height":257,"caption":"Det Islamiske Trossamfund p\u00e5 Fyn"},"image":{"@id":"https:\/\/wakffyn.dk\/#\/schema\/logo\/image\/"},"sameAs":["https:\/\/www.facebook.com\/wakffyn","https:\/\/www.youtube.com\/user\/wakfyn","https:\/\/www.linkedin.com\/company\/wakf"]}]}},"_links":{"self":[{"href":"https:\/\/wakffyn.dk\/ar\/wp-json\/wp\/v2\/pages\/7672","targetHints":{"allow":["GET"]}}],"collection":[{"href":"https:\/\/wakffyn.dk\/ar\/wp-json\/wp\/v2\/pages"}],"about":[{"href":"https:\/\/wakffyn.dk\/ar\/wp-json\/wp\/v2\/types\/page"}],"author":[{"embeddable":true,"href":"https:\/\/wakffyn.dk\/ar\/wp-json\/wp\/v2\/users\/8"}],"replies":[{"embeddable":true,"href":"https:\/\/wakffyn.dk\/ar\/wp-json\/wp\/v2\/comments?post=7672"}],"version-history":[{"count":25,"href":"https:\/\/wakffyn.dk\/ar\/wp-json\/wp\/v2\/pages\/7672\/revisions"}],"predecessor-version":[{"id":7702,"href":"https:\/\/wakffyn.dk\/ar\/wp-json\/wp\/v2\/pages\/7672\/revisions\/7702"}],"wp:attachment":[{"href":"https:\/\/wakffyn.dk\/ar\/wp-json\/wp\/v2\/media?parent=7672"}],"curies":[{"name":"wp","href":"https:\/\/api.w.org\/{rel}","templated":true}]}}